{"id":51,"date":"2017-07-07T03:35:19","date_gmt":"2017-07-07T08:35:19","guid":{"rendered":"http:\/\/capfront.wpengine.com\/?page_id=51"},"modified":"2025-02-24T15:44:16","modified_gmt":"2025-02-24T15:44:16","slug":"about-us","status":"publish","type":"page","link":"https:\/\/capfront.net\/es\/about-us\/","title":{"rendered":"Sobre nosotros"},"content":{"rendered":"<div id=\"cs-content\" class=\"cs-content\"><div class=\"x-section e51-e1 m1f-0\"><div class=\"x-bg\" aria-hidden=\"true\"><div class=\"x-bg-layer-lower-image\" style=\" background-image: url(http:\/\/capfront.wpengine.com\/wp-content\/uploads\/2020\/07\/iStock-95522458-scaled.jpg); background-repeat: no-repeat; background-position: center; background-size: cover;\"><\/div><div class=\"x-bg-layer-upper-color\" style=\" background-color: rgba(0, 0, 0, 0.5);\"><\/div><\/div><div class=\"x-row e51-e2 m1f-2 m1f-3 m1f-4 m1f-5 m1f-6 m1f-7 m1f-b m1f-c\"><div class=\"x-row-inner\"><div class=\"x-col e51-e3 m1f-i m1f-j\"><div class=\"x-text x-text-headline e51-e4 m1f-x m1f-y m1f-z m1f-10 m1f-11 m1f-12 h-responsive h-custom-headline\"><div class=\"x-text-content\"><div class=\"x-text-content-text\"><h1 class=\"x-text-content-text-primary\">OUR STORY<\/h1><\/div><\/div><\/div><\/div><\/div><\/div><\/div><div class=\"x-section e51-e5 m1f-0\"><div class=\"x-row x-container max width e51-e6 m1f-2 m1f-3 m1f-4 m1f-5 m1f-6 m1f-b m1f-d\"><div class=\"x-row-inner\"><div class=\"x-col e51-e7 m1f-i m1f-k m1f-l m1f-m m1f-n\"><div class=\"x-text x-content e51-e8 m1f-1g\"><p><span  class=\"x-dropcap\" >I<\/span>n 2013, co-founder and CEO of CapFront, Zack Fiddle, graduated from Vanderbilt University with a B.A. in corporate finance and decided to use his knowledge to help his family's 3rd generation retail business, which had been struggling in years prior due to increased competition from the modern-day big box store, rather than join a large corporation.<\/p>\n<p><span  class=\"x-dropcap\" >I<\/span>n 2014, the city government was in the process of taking over their local competitor's commercial space, and their owners gave Zack's family business the chance to purchase it at a fair price. This was a huge opportunity, as the business for sale provided complimentary services and an easily transferable customer base; however, Zack was unable to secure bank financing in the allotted timeframe, so he looked beyond traditional financial institutions and found a non-bank business lender that funded the acquisition without collateral, significant paperwork, or overly stringent underwriting requirements in only one week. This process left a lasting impression on Zack, and after his family business was able to find a suitable replacement, Zack left his family business in pursuit of his newfound purpose: helping small to medium-sized business owners access capital.<\/p>\n<p><span  class=\"x-dropcap\" >F<\/span>ast-forwarding to 2017, after 3 years of working in the small to medium-sized business lending space and dedicating himself to learning everything there is to know about it, Zack and co-founder and COO, Mike Behar, launched CapFront, a small to medium-sized business financial services marketplace focused on relationship-building, client education, product graduation, full transparency, and sustainable financing. The small to medium-sized business lending space is still surprisingly unregulated and is unfortunately riddled with exorbitant interest rates, outrageous 3rd party fees, bait-and-switch tactics, misleading contracts, and misinformed brokers, and it's Zack, Mike, and CapFront's mission to guide as many entrepreneurs as possible towards what's best for their businesses rather than what's best for their broker or lender and to treat each and every one of them like Zack's family business.<\/p><\/div><\/div><div class=\"x-col e51-e9 m1f-i m1f-k m1f-l m1f-m m1f-o m1f-p\"><span class=\"x-image e51-e10 m1f-1h m1f-1i\"><img decoding=\"async\" src=\"http:\/\/capfront.wpengine.com\/wp-content\/uploads\/2020\/07\/growth-sm-2.png\" width=\"300\" height=\"173\" alt=\"Image\"><\/span><div class=\"x-text x-text-headline e51-e11 m1f-y m1f-z m1f-10 m1f-13 m1f-14 m1f-15 m1f-16 m1f-17 m1f-18\"><div class=\"x-text-content\"><div class=\"x-text-content-text\"><h1 class=\"x-text-content-text-primary\">Let's Talk<\/h1><span class=\"x-text-content-text-subheadline\">Apply for free today. Call us at<\/span><\/div><\/div><\/div><div class=\"x-text x-text-headline e51-e12 m1f-y m1f-10 m1f-13 m1f-16 m1f-17 m1f-18 m1f-19 m1f-1a m1f-1b\"><div class=\"x-text-content\"><div class=\"x-text-content-text\"><h1 class=\"x-text-content-text-primary\">844-466-6394<\/h1><\/div><\/div><\/div><\/div><\/div><\/div><\/div><div class=\"x-section e51-e13 m1f-0\"><div class=\"x-row e51-e14 m1f-2 m1f-3 m1f-4 m1f-8 m1f-e m1f-f\"><div class=\"x-row-inner\"><div class=\"x-col e51-e15 m1f-i m1f-j m1f-k m1f-m m1f-q m1f-r\"><span class=\"x-image e51-e16 m1f-1h m1f-1j\"><img decoding=\"async\" src=\"http:\/\/capfront.wpengine.com\/wp-content\/uploads\/2020\/07\/capfront-halfwhite@500.png\" width=\"500\" height=\"231\" alt=\"Image\"><\/span><div class=\"x-text x-text-headline e51-e17 m1f-y m1f-z m1f-10 m1f-11 m1f-12 m1f-14 m1f-16 m1f-1c\"><div class=\"x-text-content\"><div class=\"x-text-content-text\"><h1 class=\"x-text-content-text-primary\">Why Choose CapFront?<\/h1><span class=\"x-text-content-text-subheadline\">We launched CapFront to protect entrepreneurs from predatory lending practices in an almost completely unregulated market. Our focus is on complete transparency with our clients, and our dedicated relationship managers are bonafide experts in business funding, so you can count on us to educate you on how to evaluate your options as well as how to take the next step towards securing a comprehensive suite of lower-cost options over time. As we get to know your business and build rapport, we will continuously reevaluate your needs and match your business with the right products and\/or services.<\/span><\/div><\/div><\/div><\/div><div class=\"x-col e51-e18 m1f-i m1f-k m1f-m m1f-p m1f-q m1f-s\"><div class=\"x-bg\" aria-hidden=\"true\"><div class=\"x-bg-layer-lower-image\"><\/div><div class=\"x-bg-layer-upper-image\" style=\" background-image: url(http:\/\/capfront.wpengine.com\/wp-content\/uploads\/2020\/07\/triangle@500.png); background-repeat: no-repeat; background-position: left; background-size: 50px;\"><\/div><\/div><div class=\"x-row x-container max width e51-e19 m1f-2 m1f-3 m1f-5 m1f-9 m1f-g\"><div class=\"x-row-inner\"><div class=\"x-col e51-e20 m1f-i m1f-t m1f-u\"><div class=\"x-text x-text-headline e51-e21 m1f-y m1f-10 m1f-12 m1f-16 m1f-17 m1f-1a m1f-1d m1f-1e\"><div class=\"x-text-content\"><div class=\"x-text-content-text\"><h1 class=\"x-text-content-text-primary\"><span style=\"color: rgb(5, 201, 251);\">Cap<\/span>Front<\/h1><\/div><\/div><\/div><ul id=\"\" class=\"x-ul-icons icon-on-right\" style=\"color: white; font-family: montserrat; font-size:1.2rem; line-height:2rem;\" ><li id=\"\" class=\"x-li-icon\" style=\"\" ><i class=\"x-icon-check\" aria-hidden=\"true\" style=\"\" data-x-icon-s=\"&#xf00c;\" ><\/i>Relationship Building<\/li><li id=\"\" class=\"x-li-icon\" style=\"\" ><i class=\"x-icon-check\" aria-hidden=\"true\" style=\"\" data-x-icon-s=\"&#xf00c;\" ><\/i>Client Education<\/li><li id=\"\" class=\"x-li-icon\" style=\"\" ><i class=\"x-icon-check\" aria-hidden=\"true\" style=\"\" data-x-icon-s=\"&#xf00c;\" ><\/i>Product Graduation<\/li><li id=\"\" class=\"x-li-icon\" style=\"\" ><i class=\"x-icon-check\" aria-hidden=\"true\" style=\"\" data-x-icon-s=\"&#xf00c;\" ><\/i>Full Transparency<\/li><li id=\"\" class=\"x-li-icon\" style=\"\" ><i class=\"x-icon-check\" aria-hidden=\"true\" style=\"\" data-x-icon-s=\"&#xf00c;\" ><\/i>Sustainable Financing<\/li><\/ul><\/div><div class=\"x-col e51-e28 m1f-i m1f-t\"><div class=\"x-text x-text-headline e51-e29 m1f-y m1f-10 m1f-12 m1f-16 m1f-17 m1f-1a m1f-1b m1f-1d\"><div class=\"x-text-content\"><div class=\"x-text-content-text\"><h1 class=\"x-text-content-text-primary\">Vs.<\/h1><\/div><\/div><\/div><\/div><div class=\"x-col x-hide-lg x-hide-md x-hide-sm x-hide-xs e51-e30 m1f-i m1f-t m1f-u\"><div class=\"x-text x-text-headline e51-e31 m1f-y m1f-10 m1f-12 m1f-16 m1f-17 m1f-1a m1f-1b m1f-1d\"><div class=\"x-text-content\"><div class=\"x-text-content-text\"><h1 class=\"x-text-content-text-primary\">The Other Guys<\/h1><\/div><\/div><\/div><ul id=\"\" class=\"x-ul-icons icon-on-right-large\" style=\"color: white; font-family: montserrat; font-size:1.2rem; line-height:2rem;\" ><li id=\"\" class=\"x-li-icon no-text\" style=\"\" ><i class=\"x-icon-times\" aria-hidden=\"true\" style=\"\" data-x-icon-s=\"&#xf00d;\" ><\/i>&nbsp;<\/li><li id=\"\" class=\"x-li-icon\" style=\"\" ><i class=\"x-icon-times\" aria-hidden=\"true\" style=\"\" data-x-icon-s=\"&#xf00d;\" ><\/i>&nbsp;<\/li><li id=\"\" class=\"x-li-icon\" style=\"\" ><i class=\"x-icon-times\" aria-hidden=\"true\" style=\"\" data-x-icon-s=\"&#xf00d;\" ><\/i>&nbsp;<\/li><li id=\"\" class=\"x-li-icon\" style=\"\" ><i class=\"x-icon-times\" aria-hidden=\"true\" style=\"\" data-x-icon-s=\"&#xf00d;\" ><\/i>&nbsp;<\/li><li id=\"\" class=\"x-li-icon\" style=\"\" ><i class=\"x-icon-times\" aria-hidden=\"true\" style=\"\" data-x-icon-s=\"&#xf00d;\" ><\/i>&nbsp;<\/li><\/ul><\/div><div class=\"x-col x-hide-xl e51-e38 m1f-i m1f-t m1f-u\"><div class=\"x-text x-text-headline e51-e39 m1f-y m1f-10 m1f-12 m1f-16 m1f-17 m1f-1a m1f-1d m1f-1e\"><div class=\"x-text-content\"><div class=\"x-text-content-text\"><h1 class=\"x-text-content-text-primary\">Other Guys<\/h1><\/div><\/div><\/div><ul id=\"\" class=\"x-ul-icons icon-on-right-small\" style=\"color: white; font-family: montserrat; font-size:1.2rem; line-height:2rem;\" ><li id=\"\" class=\"x-li-icon no-text\" style=\"\" ><i class=\"x-icon-times\" aria-hidden=\"true\" style=\"\" data-x-icon-s=\"&#xf00d;\" ><\/i>Minimal Documentation<\/li><li id=\"\" class=\"x-li-icon\" style=\"\" ><i class=\"x-icon-times\" aria-hidden=\"true\" style=\"\" data-x-icon-s=\"&#xf00d;\" ><\/i>Same Day Approvals<\/li><li id=\"\" class=\"x-li-icon\" style=\"\" ><i class=\"x-icon-times\" aria-hidden=\"true\" style=\"\" data-x-icon-s=\"&#xf00d;\" ><\/i>Next Day Funding<\/li><li id=\"\" class=\"x-li-icon\" style=\"\" ><i class=\"x-icon-times\" aria-hidden=\"true\" style=\"\" data-x-icon-s=\"&#xf00d;\" ><\/i>Renewable Funding Source<\/li><li id=\"\" class=\"x-li-icon\" style=\"\" ><i class=\"x-icon-times\" aria-hidden=\"true\" style=\"\" data-x-icon-s=\"&#xf00d;\" ><\/i>No Personal Collateral<\/li><\/ul><\/div><\/div><\/div><\/div><\/div><\/div><\/div><div class=\"x-section e51-e46 m1f-0 m1f-1\"><div class=\"x-row e51-e47 m1f-2 m1f-4 m1f-a m1f-e m1f-h\"><div class=\"x-row-inner\"><div class=\"x-col e51-e48 m1f-i m1f-k m1f-q m1f-v m1f-w\"><div class=\"x-text x-text-headline e51-e49 m1f-y m1f-z m1f-11 m1f-14 m1f-16 m1f-18 m1f-1f\"><div class=\"x-text-content\"><div class=\"x-text-content-text\"><h1 class=\"x-text-content-text-primary\">\u00bfNecesita financiaci\u00f3n r\u00e1pida?<\/h1><span class=\"x-text-content-text-subheadline\"><br>Cont\u00e1ctenos hoy y uno de nuestros gerentes de relaciones dedicados analizar\u00e1 sus necesidades para determinar el mejor producto para su negocio. Estamos aqu\u00ed para ayudar, en cada paso del camino.<\/span><\/div><\/div><\/div><\/div><div class=\"x-col e51-e50 m1f-i m1f-k m1f-m m1f-q m1f-w\"><a class=\"x-anchor x-anchor-button e51-e51 m1f-1k\" tabindex=\"0\" href=\"https:\/\/capfront.net\/es\/smart-apply\/?utm_source=Website&amp;utm_medium=SEO\"><div class=\"x-anchor-content\"><div class=\"x-anchor-text\"><span class=\"x-anchor-text-primary\">Empieza aqui<\/span><\/div><\/div><\/a><\/div><\/div><\/div><\/div><span data-x-element-responsive-text=\"{&quot;selector&quot;:&quot;.h-responsive .x-text-content-text-primary&quot;,&quot;compression&quot;:&quot;1.25&quot;,&quot;minFontSize&quot;:&quot;36px&quot;,&quot;maxFontSize&quot;:&quot;56px&quot;}\" class=\"e51-e52\"><\/span><span data-x-element-responsive-text=\"{&quot;selector&quot;:&quot;.h-responsive-2 .x-text-content-text-primary&quot;,&quot;compression&quot;:&quot;0.575&quot;,&quot;minFontSize&quot;:&quot;36px&quot;,&quot;maxFontSize&quot;:&quot;56px&quot;}\" class=\"e51-e53\"><\/span><\/div>","protected":false},"excerpt":{"rendered":"<p>OUR STORYIn 2013, co-founder and CEO of CapFront, Zack Fiddle, graduated from Vanderbilt University with a B.A. in corporate finance and decided to use his knowledge to help his family&#8217;s 3rd generation retail business, which had been struggling in years prior due to increased competition from the modern-day big box store, rather than join a large corporation. In 2014, the &#8230;<\/p>","protected":false},"author":1,"featured_media":0,"parent":0,"menu_order":0,"comment_status":"closed","ping_status":"closed","template":"template-blank-4.php","meta":{"footnotes":""},"class_list":["post-51","page","type-page","status-publish","hentry","no-post-thumbnail"],"yoast_head":"<!-- This site is optimized with the Yoast SEO Premium plugin v19.0.1 (Yoast SEO v19.4) - https:\/\/yoast.com\/wordpress\/plugins\/seo\/ -->\n<title>About Us - CapFront Business Funding Marketplace<\/title>\n<meta name=\"description\" content=\"We launched CapFront to protect entrepreneurs from predatory lending practices in an almost completely unregulated market.\" \/>\n<meta name=\"robots\" content=\"index, follow, max-snippet:-1, max-image-preview:large, max-video-preview:-1\" \/>\n<link rel=\"canonical\" href=\"https:\/\/capfront.net\/es\/about-us\/\" \/>\n<meta property=\"og:locale\" content=\"es_MX\" \/>\n<meta property=\"og:type\" content=\"article\" \/>\n<meta property=\"og:title\" content=\"About Us\" \/>\n<meta property=\"og:description\" content=\"We launched CapFront to protect entrepreneurs from predatory lending practices in an almost completely unregulated market.\" \/>\n<meta property=\"og:url\" content=\"https:\/\/capfront.net\/es\/about-us\/\" \/>\n<meta property=\"og:site_name\" content=\"CapFront\" \/>\n<meta property=\"article:modified_time\" content=\"2025-02-24T15:44:16+00:00\" \/>\n<meta name=\"twitter:card\" content=\"summary_large_image\" \/>\n<meta name=\"twitter:label1\" content=\"Tiempo de lectura\" \/>\n\t<meta name=\"twitter:data1\" content=\"5 minutos\" \/>\n<script type=\"application\/ld+json\" class=\"yoast-schema-graph\">{\"@context\":\"https:\/\/schema.org\",\"@graph\":[{\"@type\":\"WebSite\",\"@id\":\"https:\/\/capfront.net\/#website\",\"url\":\"https:\/\/capfront.net\/\",\"name\":\"CapFront\",\"description\":\"Business Funding from Wall Street to Main Street\",\"potentialAction\":[{\"@type\":\"SearchAction\",\"target\":{\"@type\":\"EntryPoint\",\"urlTemplate\":\"https:\/\/capfront.net\/?s={search_term_string}\"},\"query-input\":\"required name=search_term_string\"}],\"inLanguage\":\"es\"},{\"@type\":\"WebPage\",\"@id\":\"https:\/\/capfront.net\/about-us\/\",\"url\":\"https:\/\/capfront.net\/about-us\/\",\"name\":\"About Us - CapFront Business Funding Marketplace\",\"isPartOf\":{\"@id\":\"https:\/\/capfront.net\/#website\"},\"datePublished\":\"2017-07-07T08:35:19+00:00\",\"dateModified\":\"2025-02-24T15:44:16+00:00\",\"description\":\"We launched CapFront to protect entrepreneurs from predatory lending practices in an almost completely unregulated market.\",\"breadcrumb\":{\"@id\":\"https:\/\/capfront.net\/about-us\/#breadcrumb\"},\"inLanguage\":\"es\",\"potentialAction\":[{\"@type\":\"ReadAction\",\"target\":[\"https:\/\/capfront.net\/about-us\/\"]}]},{\"@type\":\"BreadcrumbList\",\"@id\":\"https:\/\/capfront.net\/about-us\/#breadcrumb\",\"itemListElement\":[{\"@type\":\"ListItem\",\"position\":1,\"name\":\"Home\",\"item\":\"https:\/\/capfront.net\/\"},{\"@type\":\"ListItem\",\"position\":2,\"name\":\"About Us\"}]}]}<\/script>\n<!-- \/ Yoast SEO Premium plugin. -->","yoast_head_json":{"title":"About Us - CapFront Business Funding Marketplace","description":"We launched CapFront to protect entrepreneurs from predatory lending practices in an almost completely unregulated market.","robots":{"index":"index","follow":"follow","max-snippet":"max-snippet:-1","max-image-preview":"max-image-preview:large","max-video-preview":"max-video-preview:-1"},"canonical":"https:\/\/capfront.net\/es\/about-us\/","og_locale":"es_MX","og_type":"article","og_title":"About Us","og_description":"We launched CapFront to protect entrepreneurs from predatory lending practices in an almost completely unregulated market.","og_url":"https:\/\/capfront.net\/es\/about-us\/","og_site_name":"CapFront","article_modified_time":"2025-02-24T15:44:16+00:00","twitter_card":"summary_large_image","twitter_misc":{"Tiempo de lectura":"5 minutos"},"schema":{"@context":"https:\/\/schema.org","@graph":[{"@type":"WebSite","@id":"https:\/\/capfront.net\/#website","url":"https:\/\/capfront.net\/","name":"CapFront","description":"Business Funding from Wall Street to Main Street","potentialAction":[{"@type":"SearchAction","target":{"@type":"EntryPoint","urlTemplate":"https:\/\/capfront.net\/?s={search_term_string}"},"query-input":"required name=search_term_string"}],"inLanguage":"es"},{"@type":"WebPage","@id":"https:\/\/capfront.net\/about-us\/","url":"https:\/\/capfront.net\/about-us\/","name":"About Us - CapFront Business Funding Marketplace","isPartOf":{"@id":"https:\/\/capfront.net\/#website"},"datePublished":"2017-07-07T08:35:19+00:00","dateModified":"2025-02-24T15:44:16+00:00","description":"We launched CapFront to protect entrepreneurs from predatory lending practices in an almost completely unregulated market.","breadcrumb":{"@id":"https:\/\/capfront.net\/about-us\/#breadcrumb"},"inLanguage":"es","potentialAction":[{"@type":"ReadAction","target":["https:\/\/capfront.net\/about-us\/"]}]},{"@type":"BreadcrumbList","@id":"https:\/\/capfront.net\/about-us\/#breadcrumb","itemListElement":[{"@type":"ListItem","position":1,"name":"Home","item":"https:\/\/capfront.net\/"},{"@type":"ListItem","position":2,"name":"About Us"}]}]}},"_links":{"self":[{"href":"https:\/\/capfront.net\/es\/wp-json\/wp\/v2\/pages\/51","targetHints":{"allow":["GET"]}}],"collection":[{"href":"https:\/\/capfront.net\/es\/wp-json\/wp\/v2\/pages"}],"about":[{"href":"https:\/\/capfront.net\/es\/wp-json\/wp\/v2\/types\/page"}],"author":[{"embeddable":true,"href":"https:\/\/capfront.net\/es\/wp-json\/wp\/v2\/users\/1"}],"replies":[{"embeddable":true,"href":"https:\/\/capfront.net\/es\/wp-json\/wp\/v2\/comments?post=51"}],"version-history":[{"count":0,"href":"https:\/\/capfront.net\/es\/wp-json\/wp\/v2\/pages\/51\/revisions"}],"wp:attachment":[{"href":"https:\/\/capfront.net\/es\/wp-json\/wp\/v2\/media?parent=51"}],"curies":[{"name":"wp","href":"https:\/\/api.w.org\/{rel}","templated":true}]}}